{"id":613,"date":"2022-08-31T15:45:58","date_gmt":"2022-08-31T18:45:58","guid":{"rendered":"https:\/\/projetos.unasolucoesdigitais.com.br\/solutech\/?page_id=613"},"modified":"2022-10-24T23:44:51","modified_gmt":"2022-10-25T02:44:51","slug":"produtos-de-informatica","status":"publish","type":"page","link":"https:\/\/projetos.unasolucoesdigitais.com.br\/solutech\/produtos-de-informatica\/","title":{"rendered":"Produtos de Inform\u00e1tica"},"content":{"rendered":"\t\t<div data-elementor-type=\"wp-page\" data-elementor-id=\"613\" class=\"elementor elementor-613\" data-elementor-settings=\"{&quot;ha_cmc_init_switcher&quot;:&quot;no&quot;}\" data-elementor-post-type=\"page\">\n\t\t\t\t\t\t<section class=\"elementor-section elementor-top-section elementor-element elementor-element-40e932f elementor-section-boxed elementor-section-height-default elementor-section-height-default\" data-id=\"40e932f\" data-element_type=\"section\" data-e-type=\"section\" data-settings=\"{&quot;background_background&quot;:&quot;classic&quot;,&quot;animation&quot;:&quot;none&quot;,&quot;_ha_eqh_enable&quot;:false}\">\n\t\t\t\t\t\t\t<div class=\"elementor-background-overlay\"><\/div>\n\t\t\t\t\t\t\t<div class=\"elementor-container elementor-column-gap-default\">\n\t\t\t\t\t<div class=\"elementor-column elementor-col-100 elementor-top-column elementor-element elementor-element-3b3141c\" data-id=\"3b3141c\" data-element_type=\"column\" data-e-type=\"column\">\n\t\t\t<div class=\"elementor-widget-wrap elementor-element-populated\">\n\t\t\t\t\t\t<div class=\"elementor-element elementor-element-fcba939 elementor-widget elementor-widget-heading\" data-id=\"fcba939\" data-element_type=\"widget\" data-e-type=\"widget\" data-widget_type=\"heading.default\">\n\t\t\t\t<div class=\"elementor-widget-container\">\n\t\t\t\t\t<div class=\"elementor-heading-title elementor-size-default\">Nossos Servi\u00e7os<\/div>\t\t\t\t<\/div>\n\t\t\t\t<\/div>\n\t\t\t\t<div class=\"elementor-element elementor-element-b187ca9 elementor-widget elementor-widget-heading\" data-id=\"b187ca9\" data-element_type=\"widget\" data-e-type=\"widget\" data-widget_type=\"heading.default\">\n\t\t\t\t<div class=\"elementor-widget-container\">\n\t\t\t\t\t<h2 class=\"elementor-heading-title elementor-size-default\">Produtos de Inform\u00e1tica<\/h2>\t\t\t\t<\/div>\n\t\t\t\t<\/div>\n\t\t\t\t\t<\/div>\n\t\t<\/div>\n\t\t\t\t\t<\/div>\n\t\t<\/section>\n\t\t\t\t<section class=\"elementor-section elementor-top-section elementor-element elementor-element-a36dd70 elementor-section-height-min-height elementor-section-boxed elementor-section-height-default elementor-section-items-middle\" data-id=\"a36dd70\" data-element_type=\"section\" data-e-type=\"section\" data-settings=\"{&quot;_ha_eqh_enable&quot;:false}\">\n\t\t\t\t\t\t\t<div class=\"elementor-background-overlay\"><\/div>\n\t\t\t\t\t\t\t<div class=\"elementor-container elementor-column-gap-default\">\n\t\t\t\t\t<div class=\"elementor-column elementor-col-50 elementor-top-column elementor-element elementor-element-1ab1eda\" data-id=\"1ab1eda\" data-element_type=\"column\" data-e-type=\"column\">\n\t\t\t<div class=\"elementor-widget-wrap elementor-element-populated\">\n\t\t\t\t\t\t<div class=\"elementor-element elementor-element-c8d707c elementor-widget elementor-widget-heading\" data-id=\"c8d707c\" data-element_type=\"widget\" data-e-type=\"widget\" data-settings=\"{&quot;_animation&quot;:&quot;none&quot;}\" data-widget_type=\"heading.default\">\n\t\t\t\t<div class=\"elementor-widget-container\">\n\t\t\t\t\t<h2 class=\"elementor-heading-title elementor-size-default\">Trabalhamos com produtos de automa\u00e7\u00e3o comercial de qualidade e compat\u00edveis com nossos softwares: Impressoras t\u00e9rmicas e fiscais; Terminais de consulta de pre\u00e7o; Leitores de c\u00f3digos de barras...\nTemos uma linha completa e sempre atualizada de produtos de inform\u00e1tica: Notebooks e ultrabooks; Computadores e monitores; Impressoras, perif\u00e9ricos e acess\u00f3rios...\nEquipamentos para voc\u00ea montar sua rede: Modems; Roteadores; Switches; Placas; Conectores e Cabeamento...\nPara voc\u00ea curtir seus momentos de lazer, possu\u00edmos produtos para seu entretenimento: Tablets; Consoles de game e Acess\u00f3rios, C\u00e2meras digitais...<\/h2>\t\t\t\t<\/div>\n\t\t\t\t<\/div>\n\t\t\t\t<div class=\"elementor-element elementor-element-0bc2aa1 elementor-hidden-desktop elementor-widget elementor-widget-image\" data-id=\"0bc2aa1\" data-element_type=\"widget\" data-e-type=\"widget\" data-widget_type=\"image.default\">\n\t\t\t\t<div class=\"elementor-widget-container\">\n\t\t\t\t\t\t\t\t\t\t\t\t\t\t\t<img fetchpriority=\"high\" decoding=\"async\" width=\"800\" height=\"533\" src=\"https:\/\/projetos.unasolucoesdigitais.com.br\/solutech\/wp-content\/uploads\/sites\/10\/2022\/10\/produtos-e1666648119116-1024x682.jpg\" class=\"attachment-large size-large wp-image-1646\" alt=\"\" srcset=\"https:\/\/projetos.unasolucoesdigitais.com.br\/solutech\/wp-content\/uploads\/sites\/10\/2022\/10\/produtos-e1666648119116-1024x682.jpg 1024w, https:\/\/projetos.unasolucoesdigitais.com.br\/solutech\/wp-content\/uploads\/sites\/10\/2022\/10\/produtos-e1666648119116-300x200.jpg 300w, https:\/\/projetos.unasolucoesdigitais.com.br\/solutech\/wp-content\/uploads\/sites\/10\/2022\/10\/produtos-e1666648119116-768x511.jpg 768w, https:\/\/projetos.unasolucoesdigitais.com.br\/solutech\/wp-content\/uploads\/sites\/10\/2022\/10\/produtos-e1666648119116-1536x1023.jpg 1536w, https:\/\/projetos.unasolucoesdigitais.com.br\/solutech\/wp-content\/uploads\/sites\/10\/2022\/10\/produtos-e1666648119116.jpg 1622w\" sizes=\"(max-width: 800px) 100vw, 800px\" \/>\t\t\t\t\t\t\t\t\t\t\t\t\t\t\t<\/div>\n\t\t\t\t<\/div>\n\t\t\t\t<div class=\"elementor-element elementor-element-44aa353 elementor-widget elementor-widget-menu-anchor\" data-id=\"44aa353\" data-element_type=\"widget\" data-e-type=\"widget\" data-widget_type=\"menu-anchor.default\">\n\t\t\t\t<div class=\"elementor-widget-container\">\n\t\t\t\t\t\t\t<div class=\"elementor-menu-anchor\" id=\"atendimento\"><\/div>\n\t\t\t\t\t\t<\/div>\n\t\t\t\t<\/div>\n\t\t\t\t\t<\/div>\n\t\t<\/div>\n\t\t\t\t<div class=\"elementor-column elementor-col-50 elementor-top-column elementor-element elementor-element-86a8f3a\" data-id=\"86a8f3a\" data-element_type=\"column\" data-e-type=\"column\" data-settings=\"{&quot;background_background&quot;:&quot;classic&quot;}\">\n\t\t\t<div class=\"elementor-widget-wrap elementor-element-populated\">\n\t\t\t\t\t\t<div class=\"elementor-element elementor-element-f0f153d elementor-absolute elementor-hidden-tablet elementor-hidden-phone elementor-widget-mobile__width-initial elementor-widget elementor-widget-image\" data-id=\"f0f153d\" data-element_type=\"widget\" data-e-type=\"widget\" data-settings=\"{&quot;_position&quot;:&quot;absolute&quot;}\" data-widget_type=\"image.default\">\n\t\t\t\t<div class=\"elementor-widget-container\">\n\t\t\t\t\t\t\t\t\t\t\t\t\t\t\t<img decoding=\"async\" width=\"800\" height=\"532\" src=\"https:\/\/projetos.unasolucoesdigitais.com.br\/solutech\/wp-content\/uploads\/sites\/10\/2022\/08\/produtos-e1661973717497-1024x681.jpg\" class=\"attachment-large size-large wp-image-698\" alt=\"\" srcset=\"https:\/\/projetos.unasolucoesdigitais.com.br\/solutech\/wp-content\/uploads\/sites\/10\/2022\/08\/produtos-e1661973717497-1024x681.jpg 1024w, https:\/\/projetos.unasolucoesdigitais.com.br\/solutech\/wp-content\/uploads\/sites\/10\/2022\/08\/produtos-e1661973717497-300x199.jpg 300w, https:\/\/projetos.unasolucoesdigitais.com.br\/solutech\/wp-content\/uploads\/sites\/10\/2022\/08\/produtos-e1661973717497-768x511.jpg 768w, https:\/\/projetos.unasolucoesdigitais.com.br\/solutech\/wp-content\/uploads\/sites\/10\/2022\/08\/produtos-e1661973717497-1536x1021.jpg 1536w, https:\/\/projetos.unasolucoesdigitais.com.br\/solutech\/wp-content\/uploads\/sites\/10\/2022\/08\/produtos-e1661973717497.jpg 1617w\" sizes=\"(max-width: 800px) 100vw, 800px\" \/>\t\t\t\t\t\t\t\t\t\t\t\t\t\t\t<\/div>\n\t\t\t\t<\/div>\n\t\t\t\t\t<\/div>\n\t\t<\/div>\n\t\t\t\t\t<\/div>\n\t\t<\/section>\n\t\t\t\t<\/div>\n\t\t","protected":false},"excerpt":{"rendered":"<p>Nossos Servi\u00e7os Produtos de Inform\u00e1tica Trabalhamos com produtos de automa\u00e7\u00e3o comercial de qualidade e compat\u00edveis com nossos softwares: Impressoras t\u00e9rmicas e fiscais; Terminais de consulta de pre\u00e7o; Leitores de c\u00f3digos de barras&#8230; Temos uma linha completa e sempre atualizada de produtos de inform\u00e1tica: Notebooks e ultrabooks; Computadores e monitores; Impressoras, perif\u00e9ricos e acess\u00f3rios&#8230; Equipamentos para [&hellip;]<\/p>\n","protected":false},"author":1,"featured_media":1646,"parent":0,"menu_order":0,"comment_status":"closed","ping_status":"closed","template":"elementor_header_footer","meta":{"_joinchat":[],"footnotes":""},"class_list":["post-613","page","type-page","status-publish","has-post-thumbnail","hentry"],"yoast_head":"<!-- This site is optimized with the Yoast SEO plugin v27.5 - https:\/\/yoast.com\/product\/yoast-seo-wordpress\/ -->\n<title>Produtos de Inform\u00e1tica - SoluTech<\/title>\n<meta name=\"robots\" content=\"index, follow, max-snippet:-1, max-image-preview:large, max-video-preview:-1\" \/>\n<link rel=\"canonical\" href=\"https:\/\/projetos.unasolucoesdigitais.com.br\/solutech\/produtos-de-informatica\/\" \/>\n<meta property=\"og:locale\" content=\"pt_BR\" \/>\n<meta property=\"og:type\" content=\"article\" \/>\n<meta property=\"og:title\" content=\"Produtos de Inform\u00e1tica - SoluTech\" \/>\n<meta property=\"og:description\" content=\"Nossos Servi\u00e7os Produtos de Inform\u00e1tica Trabalhamos com produtos de automa\u00e7\u00e3o comercial de qualidade e compat\u00edveis com nossos softwares: Impressoras t\u00e9rmicas e fiscais; Terminais de consulta de pre\u00e7o; Leitores de c\u00f3digos de barras&#8230; Temos uma linha completa e sempre atualizada de produtos de inform\u00e1tica: Notebooks e ultrabooks; Computadores e monitores; Impressoras, perif\u00e9ricos e acess\u00f3rios&#8230; Equipamentos para [&hellip;]\" \/>\n<meta property=\"og:url\" content=\"https:\/\/projetos.unasolucoesdigitais.com.br\/solutech\/produtos-de-informatica\/\" \/>\n<meta property=\"og:site_name\" content=\"SoluTech\" \/>\n<meta property=\"article:modified_time\" content=\"2022-10-25T02:44:51+00:00\" \/>\n<meta property=\"og:image\" content=\"https:\/\/projetos.unasolucoesdigitais.com.br\/wp-content\/uploads\/sites\/10\/2022\/10\/produtos-e1666648119116.jpg\" \/>\n\t<meta property=\"og:image:width\" content=\"1622\" \/>\n\t<meta property=\"og:image:height\" content=\"1080\" \/>\n\t<meta property=\"og:image:type\" content=\"image\/jpeg\" \/>\n<meta name=\"twitter:card\" content=\"summary_large_image\" \/>\n<meta name=\"twitter:label1\" content=\"Est. tempo de leitura\" \/>\n\t<meta name=\"twitter:data1\" content=\"1 minuto\" \/>\n<script type=\"application\/ld+json\" class=\"yoast-schema-graph\">{\"@context\":\"https:\\\/\\\/schema.org\",\"@graph\":[{\"@type\":\"WebPage\",\"@id\":\"https:\\\/\\\/projetos.unasolucoesdigitais.com.br\\\/solutech\\\/produtos-de-informatica\\\/\",\"url\":\"https:\\\/\\\/projetos.unasolucoesdigitais.com.br\\\/solutech\\\/produtos-de-informatica\\\/\",\"name\":\"Produtos de Inform\u00e1tica - SoluTech\",\"isPartOf\":{\"@id\":\"https:\\\/\\\/projetos.unasolucoesdigitais.com.br\\\/solutech\\\/#website\"},\"primaryImageOfPage\":{\"@id\":\"https:\\\/\\\/projetos.unasolucoesdigitais.com.br\\\/solutech\\\/produtos-de-informatica\\\/#primaryimage\"},\"image\":{\"@id\":\"https:\\\/\\\/projetos.unasolucoesdigitais.com.br\\\/solutech\\\/produtos-de-informatica\\\/#primaryimage\"},\"thumbnailUrl\":\"https:\\\/\\\/projetos.unasolucoesdigitais.com.br\\\/solutech\\\/wp-content\\\/uploads\\\/sites\\\/10\\\/2022\\\/10\\\/produtos-e1666648119116.jpg\",\"datePublished\":\"2022-08-31T18:45:58+00:00\",\"dateModified\":\"2022-10-25T02:44:51+00:00\",\"breadcrumb\":{\"@id\":\"https:\\\/\\\/projetos.unasolucoesdigitais.com.br\\\/solutech\\\/produtos-de-informatica\\\/#breadcrumb\"},\"inLanguage\":\"pt-BR\",\"potentialAction\":[{\"@type\":\"ReadAction\",\"target\":[\"https:\\\/\\\/projetos.unasolucoesdigitais.com.br\\\/solutech\\\/produtos-de-informatica\\\/\"]}]},{\"@type\":\"ImageObject\",\"inLanguage\":\"pt-BR\",\"@id\":\"https:\\\/\\\/projetos.unasolucoesdigitais.com.br\\\/solutech\\\/produtos-de-informatica\\\/#primaryimage\",\"url\":\"https:\\\/\\\/projetos.unasolucoesdigitais.com.br\\\/solutech\\\/wp-content\\\/uploads\\\/sites\\\/10\\\/2022\\\/10\\\/produtos-e1666648119116.jpg\",\"contentUrl\":\"https:\\\/\\\/projetos.unasolucoesdigitais.com.br\\\/solutech\\\/wp-content\\\/uploads\\\/sites\\\/10\\\/2022\\\/10\\\/produtos-e1666648119116.jpg\",\"width\":1622,\"height\":1080},{\"@type\":\"BreadcrumbList\",\"@id\":\"https:\\\/\\\/projetos.unasolucoesdigitais.com.br\\\/solutech\\\/produtos-de-informatica\\\/#breadcrumb\",\"itemListElement\":[{\"@type\":\"ListItem\",\"position\":1,\"name\":\"In\u00edcio\",\"item\":\"https:\\\/\\\/projetos.unasolucoesdigitais.com.br\\\/solutech\\\/\"},{\"@type\":\"ListItem\",\"position\":2,\"name\":\"Produtos de Inform\u00e1tica\"}]},{\"@type\":\"WebSite\",\"@id\":\"https:\\\/\\\/projetos.unasolucoesdigitais.com.br\\\/solutech\\\/#website\",\"url\":\"https:\\\/\\\/projetos.unasolucoesdigitais.com.br\\\/solutech\\\/\",\"name\":\"SoluTech\",\"description\":\"Solu\u00e7\u00f5es Tecnol\u00f3gicas\",\"potentialAction\":[{\"@type\":\"SearchAction\",\"target\":{\"@type\":\"EntryPoint\",\"urlTemplate\":\"https:\\\/\\\/projetos.unasolucoesdigitais.com.br\\\/solutech\\\/?s={search_term_string}\"},\"query-input\":{\"@type\":\"PropertyValueSpecification\",\"valueRequired\":true,\"valueName\":\"search_term_string\"}}],\"inLanguage\":\"pt-BR\"}]}<\/script>\n<!-- \/ Yoast SEO plugin. -->","yoast_head_json":{"title":"Produtos de Inform\u00e1tica - SoluTech","robots":{"index":"index","follow":"follow","max-snippet":"max-snippet:-1","max-image-preview":"max-image-preview:large","max-video-preview":"max-video-preview:-1"},"canonical":"https:\/\/projetos.unasolucoesdigitais.com.br\/solutech\/produtos-de-informatica\/","og_locale":"pt_BR","og_type":"article","og_title":"Produtos de Inform\u00e1tica - SoluTech","og_description":"Nossos Servi\u00e7os Produtos de Inform\u00e1tica Trabalhamos com produtos de automa\u00e7\u00e3o comercial de qualidade e compat\u00edveis com nossos softwares: Impressoras t\u00e9rmicas e fiscais; Terminais de consulta de pre\u00e7o; Leitores de c\u00f3digos de barras&#8230; Temos uma linha completa e sempre atualizada de produtos de inform\u00e1tica: Notebooks e ultrabooks; Computadores e monitores; Impressoras, perif\u00e9ricos e acess\u00f3rios&#8230; Equipamentos para [&hellip;]","og_url":"https:\/\/projetos.unasolucoesdigitais.com.br\/solutech\/produtos-de-informatica\/","og_site_name":"SoluTech","article_modified_time":"2022-10-25T02:44:51+00:00","og_image":[{"width":1622,"height":1080,"url":"https:\/\/projetos.unasolucoesdigitais.com.br\/wp-content\/uploads\/sites\/10\/2022\/10\/produtos-e1666648119116.jpg","type":"image\/jpeg"}],"twitter_card":"summary_large_image","twitter_misc":{"Est. tempo de leitura":"1 minuto"},"schema":{"@context":"https:\/\/schema.org","@graph":[{"@type":"WebPage","@id":"https:\/\/projetos.unasolucoesdigitais.com.br\/solutech\/produtos-de-informatica\/","url":"https:\/\/projetos.unasolucoesdigitais.com.br\/solutech\/produtos-de-informatica\/","name":"Produtos de Inform\u00e1tica - SoluTech","isPartOf":{"@id":"https:\/\/projetos.unasolucoesdigitais.com.br\/solutech\/#website"},"primaryImageOfPage":{"@id":"https:\/\/projetos.unasolucoesdigitais.com.br\/solutech\/produtos-de-informatica\/#primaryimage"},"image":{"@id":"https:\/\/projetos.unasolucoesdigitais.com.br\/solutech\/produtos-de-informatica\/#primaryimage"},"thumbnailUrl":"https:\/\/projetos.unasolucoesdigitais.com.br\/solutech\/wp-content\/uploads\/sites\/10\/2022\/10\/produtos-e1666648119116.jpg","datePublished":"2022-08-31T18:45:58+00:00","dateModified":"2022-10-25T02:44:51+00:00","breadcrumb":{"@id":"https:\/\/projetos.unasolucoesdigitais.com.br\/solutech\/produtos-de-informatica\/#breadcrumb"},"inLanguage":"pt-BR","potentialAction":[{"@type":"ReadAction","target":["https:\/\/projetos.unasolucoesdigitais.com.br\/solutech\/produtos-de-informatica\/"]}]},{"@type":"ImageObject","inLanguage":"pt-BR","@id":"https:\/\/projetos.unasolucoesdigitais.com.br\/solutech\/produtos-de-informatica\/#primaryimage","url":"https:\/\/projetos.unasolucoesdigitais.com.br\/solutech\/wp-content\/uploads\/sites\/10\/2022\/10\/produtos-e1666648119116.jpg","contentUrl":"https:\/\/projetos.unasolucoesdigitais.com.br\/solutech\/wp-content\/uploads\/sites\/10\/2022\/10\/produtos-e1666648119116.jpg","width":1622,"height":1080},{"@type":"BreadcrumbList","@id":"https:\/\/projetos.unasolucoesdigitais.com.br\/solutech\/produtos-de-informatica\/#breadcrumb","itemListElement":[{"@type":"ListItem","position":1,"name":"In\u00edcio","item":"https:\/\/projetos.unasolucoesdigitais.com.br\/solutech\/"},{"@type":"ListItem","position":2,"name":"Produtos de Inform\u00e1tica"}]},{"@type":"WebSite","@id":"https:\/\/projetos.unasolucoesdigitais.com.br\/solutech\/#website","url":"https:\/\/projetos.unasolucoesdigitais.com.br\/solutech\/","name":"SoluTech","description":"Solu\u00e7\u00f5es Tecnol\u00f3gicas","potentialAction":[{"@type":"SearchAction","target":{"@type":"EntryPoint","urlTemplate":"https:\/\/projetos.unasolucoesdigitais.com.br\/solutech\/?s={search_term_string}"},"query-input":{"@type":"PropertyValueSpecification","valueRequired":true,"valueName":"search_term_string"}}],"inLanguage":"pt-BR"}]}},"_links":{"self":[{"href":"https:\/\/projetos.unasolucoesdigitais.com.br\/solutech\/wp-json\/wp\/v2\/pages\/613","targetHints":{"allow":["GET"]}}],"collection":[{"href":"https:\/\/projetos.unasolucoesdigitais.com.br\/solutech\/wp-json\/wp\/v2\/pages"}],"about":[{"href":"https:\/\/projetos.unasolucoesdigitais.com.br\/solutech\/wp-json\/wp\/v2\/types\/page"}],"author":[{"embeddable":true,"href":"https:\/\/projetos.unasolucoesdigitais.com.br\/solutech\/wp-json\/wp\/v2\/users\/1"}],"replies":[{"embeddable":true,"href":"https:\/\/projetos.unasolucoesdigitais.com.br\/solutech\/wp-json\/wp\/v2\/comments?post=613"}],"version-history":[{"count":0,"href":"https:\/\/projetos.unasolucoesdigitais.com.br\/solutech\/wp-json\/wp\/v2\/pages\/613\/revisions"}],"wp:featuredmedia":[{"embeddable":true,"href":"https:\/\/projetos.unasolucoesdigitais.com.br\/solutech\/wp-json\/wp\/v2\/media\/1646"}],"wp:attachment":[{"href":"https:\/\/projetos.unasolucoesdigitais.com.br\/solutech\/wp-json\/wp\/v2\/media?parent=613"}],"curies":[{"name":"wp","href":"https:\/\/api.w.org\/{rel}","templated":true}]}}