{"id":629,"date":"2022-08-31T15:50:22","date_gmt":"2022-08-31T18:50:22","guid":{"rendered":"https:\/\/projetos.unasolucoesdigitais.com.br\/solutech\/?page_id=629"},"modified":"2022-10-24T23:45:14","modified_gmt":"2022-10-25T02:45:14","slug":"certificacao-digital","status":"publish","type":"page","link":"https:\/\/projetos.unasolucoesdigitais.com.br\/solutech\/certificacao-digital\/","title":{"rendered":"Certifica\u00e7\u00e3o Digital"},"content":{"rendered":"<style>.elementor-629 .elementor-element.elementor-element-40e932f > .elementor-container{max-width:1135px;}.elementor-629 .elementor-element.elementor-element-40e932f:not(.elementor-motion-effects-element-type-background), .elementor-629 .elementor-element.elementor-element-40e932f > .elementor-motion-effects-container > .elementor-motion-effects-layer{background-image:url(\"https:\/\/projetos.unasolucoesdigitais.com.br\/solutech\/wp-content\/uploads\/sites\/10\/2022\/08\/base-ok.jpg\");background-position:top center;background-repeat:no-repeat;background-size:cover;}.elementor-629 .elementor-element.elementor-element-40e932f > .elementor-background-overlay{background-color:transparent;background-image:linear-gradient(270deg, #410606 24%, #030928 65%);opacity:0.86;mix-blend-mode:darken;transition:background 0.3s, border-radius 0.3s, opacity 0.3s;}.elementor-629 .elementor-element.elementor-element-40e932f{transition:background 0.3s, border 0.3s, border-radius 0.3s, box-shadow 0.3s;margin-top:0px;margin-bottom:0px;padding:50px 0px 50px 0px;}.elementor-629 .elementor-element.elementor-element-3b3141c > .elementor-element-populated{margin:0px 0px 0px 0px;--e-column-margin-right:0px;--e-column-margin-left:0px;}.elementor-629 .elementor-element.elementor-element-fcba939 .elementor-heading-title{font-family:\"Roboto\", Sans-serif;font-size:18px;font-weight:400;color:#FFFFFF;}.elementor-629 .elementor-element.elementor-element-b187ca9{text-align:start;}.elementor-629 .elementor-element.elementor-element-b187ca9 .elementor-heading-title{font-family:\"Open Sans\", Sans-serif;font-size:42px;font-weight:600;line-height:1.2em;color:#FFFFFF;}.elementor-629 .elementor-element.elementor-element-b187ca9 > .elementor-widget-container{margin:-20px 0px 0px 0px;padding:0px 30px 0px 0px;}.elementor-629 .elementor-element.elementor-element-a36dd70 > .elementor-container{max-width:1135px;}.elementor-629 .elementor-element.elementor-element-a36dd70 > .elementor-background-overlay{background-color:#FFFFFF;opacity:0.8;}.elementor-629 .elementor-element.elementor-element-a36dd70{margin-top:50px;margin-bottom:0px;padding:0px 0px 20px 0px;z-index:1;}.elementor-bc-flex-widget .elementor-629 .elementor-element.elementor-element-1ab1eda.elementor-column .elementor-widget-wrap{align-items:center;}.elementor-629 .elementor-element.elementor-element-1ab1eda.elementor-column.elementor-element[data-element_type=\"column\"] > .elementor-widget-wrap.elementor-element-populated{align-content:center;align-items:center;}.elementor-629 .elementor-element.elementor-element-1ab1eda > .elementor-element-populated{padding:0px 0px 0px 10px;}.elementor-629 .elementor-element.elementor-element-c8d707c{text-align:justify;}.elementor-629 .elementor-element.elementor-element-c8d707c .elementor-heading-title{font-family:\"Roboto\", Sans-serif;font-size:18px;font-weight:300;line-height:1.5em;color:#1E1E1E;}.elementor-629 .elementor-element.elementor-element-c8d707c > .elementor-widget-container{margin:0px 0px 0px 0px;padding:50px 0px 0px 0px;}.elementor-629 .elementor-element.elementor-element-86a8f3a > .elementor-element-populated{transition:background 0.3s, border 0.3s, border-radius 0.3s, box-shadow 0.3s;padding:0px 0px 0px 0px;}.elementor-629 .elementor-element.elementor-element-86a8f3a > .elementor-element-populated > .elementor-background-overlay{transition:background 0.3s, border-radius 0.3s, opacity 0.3s;}.elementor-629 .elementor-element.elementor-element-f0f153d{text-align:end;top:-92px;}.elementor-629 .elementor-element.elementor-element-f0f153d img{width:93%;border-radius:30px 0px 30px 0px;}body:not(.rtl) .elementor-629 .elementor-element.elementor-element-f0f153d{left:-4px;}body.rtl .elementor-629 .elementor-element.elementor-element-f0f153d{right:-4px;}@media(max-width:1024px) and (min-width:768px){.elementor-629 .elementor-element.elementor-element-3b3141c{width:100%;}.elementor-629 .elementor-element.elementor-element-1ab1eda{width:100%;}}@media(max-width:1024px){.elementor-629 .elementor-element.elementor-element-40e932f > .elementor-container{max-width:667px;}.elementor-629 .elementor-element.elementor-element-40e932f:not(.elementor-motion-effects-element-type-background), .elementor-629 .elementor-element.elementor-element-40e932f > .elementor-motion-effects-container > .elementor-motion-effects-layer{background-position:top center;background-size:cover;}.elementor-629 .elementor-element.elementor-element-40e932f{margin-top:0px;margin-bottom:0px;padding:20px 0px 20px 0px;}.elementor-629 .elementor-element.elementor-element-fcba939 .elementor-heading-title{font-size:18px;}.elementor-629 .elementor-element.elementor-element-b187ca9 .elementor-heading-title{font-size:36px;}.elementor-629 .elementor-element.elementor-element-a36dd70 > .elementor-container{max-width:667px;min-height:0px;}.elementor-629 .elementor-element.elementor-element-a36dd70{margin-top:0px;margin-bottom:0px;padding:50px 0px 0px 0px;}.elementor-629 .elementor-element.elementor-element-1ab1eda > .elementor-element-populated{margin:0px 30px 0px 30px;--e-column-margin-right:30px;--e-column-margin-left:30px;padding:0px 0px 0px 0px;}.elementor-629 .elementor-element.elementor-element-c8d707c .elementor-heading-title{font-size:20px;}.elementor-629 .elementor-element.elementor-element-c8d707c > .elementor-widget-container{margin:0px 0px 20px 0px;padding:0px 0px 0px 0px;}.elementor-629 .elementor-element.elementor-element-6b258c1 img{border-radius:50px 0px 50px 0px;}body:not(.rtl) .elementor-629 .elementor-element.elementor-element-f0f153d{left:348px;}body.rtl .elementor-629 .elementor-element.elementor-element-f0f153d{right:348px;}.elementor-629 .elementor-element.elementor-element-f0f153d{top:-565px;}}@media(max-width:767px){.elementor-629 .elementor-element.elementor-element-40e932f:not(.elementor-motion-effects-element-type-background), .elementor-629 .elementor-element.elementor-element-40e932f > .elementor-motion-effects-container > .elementor-motion-effects-layer{background-position:center center;background-size:cover;}.elementor-629 .elementor-element.elementor-element-40e932f{margin-top:0px;margin-bottom:0px;padding:50px 0px 50px 0px;}.elementor-629 .elementor-element.elementor-element-3b3141c > .elementor-element-populated{margin:0px 15px 0px 15px;--e-column-margin-right:15px;--e-column-margin-left:15px;padding:0px 0px 0px 0px;}.elementor-629 .elementor-element.elementor-element-fcba939 .elementor-heading-title{font-size:18px;}.elementor-629 .elementor-element.elementor-element-b187ca9 .elementor-heading-title{font-size:20px;}.elementor-629 .elementor-element.elementor-element-a36dd70{padding:50px 0px 50px 0px;}.elementor-629 .elementor-element.elementor-element-1ab1eda > .elementor-element-populated{margin:0px 15px 0px 15px;--e-column-margin-right:15px;--e-column-margin-left:15px;padding:0px 0px 0px 0px;}.elementor-629 .elementor-element.elementor-element-c8d707c .elementor-heading-title{font-size:20px;}.elementor-629 .elementor-element.elementor-element-c8d707c > .elementor-widget-container{margin:0px 0px 0px 0px;padding:0px 0px 0px 0px;}.elementor-629 .elementor-element.elementor-element-f0f153d{width:var( --container-widget-width, 130px );max-width:130px;--container-widget-width:130px;--container-widget-flex-grow:0;top:-458px;}body:not(.rtl) .elementor-629 .elementor-element.elementor-element-f0f153d{left:28px;}body.rtl .elementor-629 .elementor-element.elementor-element-f0f153d{right:28px;}}<\/style>\t\t<div data-elementor-type=\"wp-page\" data-elementor-id=\"629\" class=\"elementor elementor-629\" data-elementor-settings=\"{&quot;ha_cmc_init_switcher&quot;:&quot;no&quot;}\" data-elementor-post-type=\"page\">\n\t\t\t\t\t\t<section class=\"elementor-section elementor-top-section elementor-element elementor-element-40e932f elementor-section-boxed elementor-section-height-default elementor-section-height-default\" data-id=\"40e932f\" data-element_type=\"section\" data-e-type=\"section\" data-settings=\"{&quot;background_background&quot;:&quot;classic&quot;,&quot;animation&quot;:&quot;none&quot;,&quot;_ha_eqh_enable&quot;:false}\">\n\t\t\t\t\t\t\t<div class=\"elementor-background-overlay\"><\/div>\n\t\t\t\t\t\t\t<div class=\"elementor-container elementor-column-gap-default\">\n\t\t\t\t\t<div class=\"elementor-column elementor-col-100 elementor-top-column elementor-element elementor-element-3b3141c\" data-id=\"3b3141c\" data-element_type=\"column\" data-e-type=\"column\">\n\t\t\t<div class=\"elementor-widget-wrap elementor-element-populated\">\n\t\t\t\t\t\t<div class=\"elementor-element elementor-element-fcba939 elementor-widget elementor-widget-heading\" data-id=\"fcba939\" data-element_type=\"widget\" data-e-type=\"widget\" data-widget_type=\"heading.default\">\n\t\t\t\t<div class=\"elementor-widget-container\">\n\t\t\t\t\t<div class=\"elementor-heading-title elementor-size-default\">Nossos Servi\u00e7os<\/div>\t\t\t\t<\/div>\n\t\t\t\t<\/div>\n\t\t\t\t<div class=\"elementor-element elementor-element-b187ca9 elementor-widget elementor-widget-heading\" data-id=\"b187ca9\" data-element_type=\"widget\" data-e-type=\"widget\" data-widget_type=\"heading.default\">\n\t\t\t\t<div class=\"elementor-widget-container\">\n\t\t\t\t\t<h2 class=\"elementor-heading-title elementor-size-default\">Certifica\u00e7\u00e3o Digital<\/h2>\t\t\t\t<\/div>\n\t\t\t\t<\/div>\n\t\t\t\t\t<\/div>\n\t\t<\/div>\n\t\t\t\t\t<\/div>\n\t\t<\/section>\n\t\t\t\t<section class=\"elementor-section elementor-top-section elementor-element elementor-element-a36dd70 elementor-section-height-min-height elementor-section-boxed elementor-section-height-default elementor-section-items-middle\" data-id=\"a36dd70\" data-element_type=\"section\" data-e-type=\"section\" data-settings=\"{&quot;_ha_eqh_enable&quot;:false}\">\n\t\t\t\t\t\t\t<div class=\"elementor-background-overlay\"><\/div>\n\t\t\t\t\t\t\t<div class=\"elementor-container elementor-column-gap-default\">\n\t\t\t\t\t<div class=\"elementor-column elementor-col-50 elementor-top-column elementor-element elementor-element-1ab1eda\" data-id=\"1ab1eda\" data-element_type=\"column\" data-e-type=\"column\">\n\t\t\t<div class=\"elementor-widget-wrap elementor-element-populated\">\n\t\t\t\t\t\t<div class=\"elementor-element elementor-element-c8d707c elementor-widget elementor-widget-heading\" data-id=\"c8d707c\" data-element_type=\"widget\" data-e-type=\"widget\" data-settings=\"{&quot;_animation&quot;:&quot;none&quot;}\" data-widget_type=\"heading.default\">\n\t\t\t\t<div class=\"elementor-widget-container\">\n\t\t\t\t\t<h2 class=\"elementor-heading-title elementor-size-default\">O Certificado Digital \u00e9 uma ferramenta que permite que a pessoa, seja ela f\u00edsica ou jur\u00eddica, possua uma assinatura eletr\u00f4nica com validade jur\u00eddica de modo a garantir a prote\u00e7\u00e3o e seguran\u00e7a nas transa\u00e7\u00f5es eletr\u00f4nicas efetuadas por ela virtualmente.<\/h2>\t\t\t\t<\/div>\n\t\t\t\t<\/div>\n\t\t\t\t<div class=\"elementor-element elementor-element-6b258c1 elementor-hidden-desktop elementor-widget elementor-widget-image\" data-id=\"6b258c1\" data-element_type=\"widget\" data-e-type=\"widget\" data-widget_type=\"image.default\">\n\t\t\t\t<div class=\"elementor-widget-container\">\n\t\t\t\t\t\t\t\t\t\t\t\t\t\t\t<img fetchpriority=\"high\" decoding=\"async\" width=\"800\" height=\"516\" src=\"https:\/\/projetos.unasolucoesdigitais.com.br\/solutech\/wp-content\/uploads\/sites\/10\/2022\/10\/seguranca-e1666648501376.jpg\" class=\"attachment-large size-large wp-image-1647\" alt=\"\" srcset=\"https:\/\/projetos.unasolucoesdigitais.com.br\/solutech\/wp-content\/uploads\/sites\/10\/2022\/10\/seguranca-e1666648501376.jpg 837w, https:\/\/projetos.unasolucoesdigitais.com.br\/solutech\/wp-content\/uploads\/sites\/10\/2022\/10\/seguranca-e1666648501376-300x194.jpg 300w, https:\/\/projetos.unasolucoesdigitais.com.br\/solutech\/wp-content\/uploads\/sites\/10\/2022\/10\/seguranca-e1666648501376-768x495.jpg 768w\" sizes=\"(max-width: 800px) 100vw, 800px\" \/>\t\t\t\t\t\t\t\t\t\t\t\t\t\t\t<\/div>\n\t\t\t\t<\/div>\n\t\t\t\t<div class=\"elementor-element elementor-element-d4625c0 elementor-widget elementor-widget-menu-anchor\" data-id=\"d4625c0\" data-element_type=\"widget\" data-e-type=\"widget\" data-widget_type=\"menu-anchor.default\">\n\t\t\t\t<div class=\"elementor-widget-container\">\n\t\t\t\t\t\t\t<div class=\"elementor-menu-anchor\" id=\"atendimento\"><\/div>\n\t\t\t\t\t\t<\/div>\n\t\t\t\t<\/div>\n\t\t\t\t\t<\/div>\n\t\t<\/div>\n\t\t\t\t<div class=\"elementor-column elementor-col-50 elementor-top-column elementor-element elementor-element-86a8f3a\" data-id=\"86a8f3a\" data-element_type=\"column\" data-e-type=\"column\" data-settings=\"{&quot;background_background&quot;:&quot;classic&quot;}\">\n\t\t\t<div class=\"elementor-widget-wrap elementor-element-populated\">\n\t\t\t\t\t\t<div class=\"elementor-element elementor-element-f0f153d elementor-absolute elementor-hidden-tablet elementor-hidden-phone elementor-widget-mobile__width-initial elementor-widget elementor-widget-image\" data-id=\"f0f153d\" data-element_type=\"widget\" data-e-type=\"widget\" data-settings=\"{&quot;_position&quot;:&quot;absolute&quot;}\" data-widget_type=\"image.default\">\n\t\t\t\t<div class=\"elementor-widget-container\">\n\t\t\t\t\t\t\t\t\t\t\t\t\t\t\t<img decoding=\"async\" width=\"765\" height=\"540\" src=\"https:\/\/projetos.unasolucoesdigitais.com.br\/solutech\/wp-content\/uploads\/sites\/10\/2022\/08\/seguranca-e1661973957333.jpg\" class=\"attachment-large size-large wp-image-706\" alt=\"\" srcset=\"https:\/\/projetos.unasolucoesdigitais.com.br\/solutech\/wp-content\/uploads\/sites\/10\/2022\/08\/seguranca-e1661973957333.jpg 765w, https:\/\/projetos.unasolucoesdigitais.com.br\/solutech\/wp-content\/uploads\/sites\/10\/2022\/08\/seguranca-e1661973957333-300x212.jpg 300w\" sizes=\"(max-width: 765px) 100vw, 765px\" \/>\t\t\t\t\t\t\t\t\t\t\t\t\t\t\t<\/div>\n\t\t\t\t<\/div>\n\t\t\t\t\t<\/div>\n\t\t<\/div>\n\t\t\t\t\t<\/div>\n\t\t<\/section>\n\t\t\t\t<\/div>\n\t\t","protected":false},"excerpt":{"rendered":"<p>Nossos Servi\u00e7os Certifica\u00e7\u00e3o Digital O Certificado Digital \u00e9 uma ferramenta que permite que a pessoa, seja ela f\u00edsica ou jur\u00eddica, possua uma assinatura eletr\u00f4nica com validade jur\u00eddica de modo a garantir a prote\u00e7\u00e3o e seguran\u00e7a nas transa\u00e7\u00f5es eletr\u00f4nicas efetuadas por ela virtualmente.<\/p>\n","protected":false},"author":1,"featured_media":342,"parent":0,"menu_order":0,"comment_status":"closed","ping_status":"closed","template":"elementor_header_footer","meta":{"_joinchat":[],"footnotes":""},"class_list":["post-629","page","type-page","status-publish","has-post-thumbnail","hentry"],"yoast_head":"<!-- This site is optimized with the Yoast SEO plugin v27.5 - https:\/\/yoast.com\/product\/yoast-seo-wordpress\/ -->\n<title>Certifica\u00e7\u00e3o Digital - SoluTech<\/title>\n<meta name=\"robots\" content=\"index, follow, max-snippet:-1, max-image-preview:large, max-video-preview:-1\" \/>\n<link rel=\"canonical\" href=\"https:\/\/projetos.unasolucoesdigitais.com.br\/solutech\/certificacao-digital\/\" \/>\n<meta property=\"og:locale\" content=\"pt_BR\" \/>\n<meta property=\"og:type\" content=\"article\" \/>\n<meta property=\"og:title\" content=\"Certifica\u00e7\u00e3o Digital - SoluTech\" \/>\n<meta property=\"og:description\" content=\"Nossos Servi\u00e7os Certifica\u00e7\u00e3o Digital O Certificado Digital \u00e9 uma ferramenta que permite que a pessoa, seja ela f\u00edsica ou jur\u00eddica, possua uma assinatura eletr\u00f4nica com validade jur\u00eddica de modo a garantir a prote\u00e7\u00e3o e seguran\u00e7a nas transa\u00e7\u00f5es eletr\u00f4nicas efetuadas por ela virtualmente.\" \/>\n<meta property=\"og:url\" content=\"https:\/\/projetos.unasolucoesdigitais.com.br\/solutech\/certificacao-digital\/\" \/>\n<meta property=\"og:site_name\" content=\"SoluTech\" \/>\n<meta property=\"article:modified_time\" content=\"2022-10-25T02:45:14+00:00\" \/>\n<meta property=\"og:image\" content=\"https:\/\/projetos.unasolucoesdigitais.com.br\/wp-content\/uploads\/sites\/10\/2022\/08\/Design-sem-nome-e1661968763171.png\" \/>\n\t<meta property=\"og:image:width\" content=\"811\" \/>\n\t<meta property=\"og:image:height\" content=\"540\" \/>\n\t<meta property=\"og:image:type\" content=\"image\/png\" \/>\n<meta name=\"twitter:card\" content=\"summary_large_image\" \/>\n<meta name=\"twitter:label1\" content=\"Est. tempo de leitura\" \/>\n\t<meta name=\"twitter:data1\" content=\"1 minuto\" \/>\n<script type=\"application\/ld+json\" class=\"yoast-schema-graph\">{\"@context\":\"https:\\\/\\\/schema.org\",\"@graph\":[{\"@type\":\"WebPage\",\"@id\":\"https:\\\/\\\/projetos.unasolucoesdigitais.com.br\\\/solutech\\\/certificacao-digital\\\/\",\"url\":\"https:\\\/\\\/projetos.unasolucoesdigitais.com.br\\\/solutech\\\/certificacao-digital\\\/\",\"name\":\"Certifica\u00e7\u00e3o Digital - SoluTech\",\"isPartOf\":{\"@id\":\"https:\\\/\\\/projetos.unasolucoesdigitais.com.br\\\/solutech\\\/#website\"},\"primaryImageOfPage\":{\"@id\":\"https:\\\/\\\/projetos.unasolucoesdigitais.com.br\\\/solutech\\\/certificacao-digital\\\/#primaryimage\"},\"image\":{\"@id\":\"https:\\\/\\\/projetos.unasolucoesdigitais.com.br\\\/solutech\\\/certificacao-digital\\\/#primaryimage\"},\"thumbnailUrl\":\"https:\\\/\\\/projetos.unasolucoesdigitais.com.br\\\/solutech\\\/wp-content\\\/uploads\\\/sites\\\/10\\\/2022\\\/08\\\/Design-sem-nome-e1661968763171.png\",\"datePublished\":\"2022-08-31T18:50:22+00:00\",\"dateModified\":\"2022-10-25T02:45:14+00:00\",\"breadcrumb\":{\"@id\":\"https:\\\/\\\/projetos.unasolucoesdigitais.com.br\\\/solutech\\\/certificacao-digital\\\/#breadcrumb\"},\"inLanguage\":\"pt-BR\",\"potentialAction\":[{\"@type\":\"ReadAction\",\"target\":[\"https:\\\/\\\/projetos.unasolucoesdigitais.com.br\\\/solutech\\\/certificacao-digital\\\/\"]}]},{\"@type\":\"ImageObject\",\"inLanguage\":\"pt-BR\",\"@id\":\"https:\\\/\\\/projetos.unasolucoesdigitais.com.br\\\/solutech\\\/certificacao-digital\\\/#primaryimage\",\"url\":\"https:\\\/\\\/projetos.unasolucoesdigitais.com.br\\\/solutech\\\/wp-content\\\/uploads\\\/sites\\\/10\\\/2022\\\/08\\\/Design-sem-nome-e1661968763171.png\",\"contentUrl\":\"https:\\\/\\\/projetos.unasolucoesdigitais.com.br\\\/solutech\\\/wp-content\\\/uploads\\\/sites\\\/10\\\/2022\\\/08\\\/Design-sem-nome-e1661968763171.png\",\"width\":811,\"height\":540},{\"@type\":\"BreadcrumbList\",\"@id\":\"https:\\\/\\\/projetos.unasolucoesdigitais.com.br\\\/solutech\\\/certificacao-digital\\\/#breadcrumb\",\"itemListElement\":[{\"@type\":\"ListItem\",\"position\":1,\"name\":\"In\u00edcio\",\"item\":\"https:\\\/\\\/projetos.unasolucoesdigitais.com.br\\\/solutech\\\/\"},{\"@type\":\"ListItem\",\"position\":2,\"name\":\"Certifica\u00e7\u00e3o Digital\"}]},{\"@type\":\"WebSite\",\"@id\":\"https:\\\/\\\/projetos.unasolucoesdigitais.com.br\\\/solutech\\\/#website\",\"url\":\"https:\\\/\\\/projetos.unasolucoesdigitais.com.br\\\/solutech\\\/\",\"name\":\"SoluTech\",\"description\":\"Solu\u00e7\u00f5es Tecnol\u00f3gicas\",\"potentialAction\":[{\"@type\":\"SearchAction\",\"target\":{\"@type\":\"EntryPoint\",\"urlTemplate\":\"https:\\\/\\\/projetos.unasolucoesdigitais.com.br\\\/solutech\\\/?s={search_term_string}\"},\"query-input\":{\"@type\":\"PropertyValueSpecification\",\"valueRequired\":true,\"valueName\":\"search_term_string\"}}],\"inLanguage\":\"pt-BR\"}]}<\/script>\n<!-- \/ Yoast SEO plugin. -->","yoast_head_json":{"title":"Certifica\u00e7\u00e3o Digital - SoluTech","robots":{"index":"index","follow":"follow","max-snippet":"max-snippet:-1","max-image-preview":"max-image-preview:large","max-video-preview":"max-video-preview:-1"},"canonical":"https:\/\/projetos.unasolucoesdigitais.com.br\/solutech\/certificacao-digital\/","og_locale":"pt_BR","og_type":"article","og_title":"Certifica\u00e7\u00e3o Digital - SoluTech","og_description":"Nossos Servi\u00e7os Certifica\u00e7\u00e3o Digital O Certificado Digital \u00e9 uma ferramenta que permite que a pessoa, seja ela f\u00edsica ou jur\u00eddica, possua uma assinatura eletr\u00f4nica com validade jur\u00eddica de modo a garantir a prote\u00e7\u00e3o e seguran\u00e7a nas transa\u00e7\u00f5es eletr\u00f4nicas efetuadas por ela virtualmente.","og_url":"https:\/\/projetos.unasolucoesdigitais.com.br\/solutech\/certificacao-digital\/","og_site_name":"SoluTech","article_modified_time":"2022-10-25T02:45:14+00:00","og_image":[{"width":811,"height":540,"url":"https:\/\/projetos.unasolucoesdigitais.com.br\/wp-content\/uploads\/sites\/10\/2022\/08\/Design-sem-nome-e1661968763171.png","type":"image\/png"}],"twitter_card":"summary_large_image","twitter_misc":{"Est. tempo de leitura":"1 minuto"},"schema":{"@context":"https:\/\/schema.org","@graph":[{"@type":"WebPage","@id":"https:\/\/projetos.unasolucoesdigitais.com.br\/solutech\/certificacao-digital\/","url":"https:\/\/projetos.unasolucoesdigitais.com.br\/solutech\/certificacao-digital\/","name":"Certifica\u00e7\u00e3o Digital - SoluTech","isPartOf":{"@id":"https:\/\/projetos.unasolucoesdigitais.com.br\/solutech\/#website"},"primaryImageOfPage":{"@id":"https:\/\/projetos.unasolucoesdigitais.com.br\/solutech\/certificacao-digital\/#primaryimage"},"image":{"@id":"https:\/\/projetos.unasolucoesdigitais.com.br\/solutech\/certificacao-digital\/#primaryimage"},"thumbnailUrl":"https:\/\/projetos.unasolucoesdigitais.com.br\/solutech\/wp-content\/uploads\/sites\/10\/2022\/08\/Design-sem-nome-e1661968763171.png","datePublished":"2022-08-31T18:50:22+00:00","dateModified":"2022-10-25T02:45:14+00:00","breadcrumb":{"@id":"https:\/\/projetos.unasolucoesdigitais.com.br\/solutech\/certificacao-digital\/#breadcrumb"},"inLanguage":"pt-BR","potentialAction":[{"@type":"ReadAction","target":["https:\/\/projetos.unasolucoesdigitais.com.br\/solutech\/certificacao-digital\/"]}]},{"@type":"ImageObject","inLanguage":"pt-BR","@id":"https:\/\/projetos.unasolucoesdigitais.com.br\/solutech\/certificacao-digital\/#primaryimage","url":"https:\/\/projetos.unasolucoesdigitais.com.br\/solutech\/wp-content\/uploads\/sites\/10\/2022\/08\/Design-sem-nome-e1661968763171.png","contentUrl":"https:\/\/projetos.unasolucoesdigitais.com.br\/solutech\/wp-content\/uploads\/sites\/10\/2022\/08\/Design-sem-nome-e1661968763171.png","width":811,"height":540},{"@type":"BreadcrumbList","@id":"https:\/\/projetos.unasolucoesdigitais.com.br\/solutech\/certificacao-digital\/#breadcrumb","itemListElement":[{"@type":"ListItem","position":1,"name":"In\u00edcio","item":"https:\/\/projetos.unasolucoesdigitais.com.br\/solutech\/"},{"@type":"ListItem","position":2,"name":"Certifica\u00e7\u00e3o Digital"}]},{"@type":"WebSite","@id":"https:\/\/projetos.unasolucoesdigitais.com.br\/solutech\/#website","url":"https:\/\/projetos.unasolucoesdigitais.com.br\/solutech\/","name":"SoluTech","description":"Solu\u00e7\u00f5es Tecnol\u00f3gicas","potentialAction":[{"@type":"SearchAction","target":{"@type":"EntryPoint","urlTemplate":"https:\/\/projetos.unasolucoesdigitais.com.br\/solutech\/?s={search_term_string}"},"query-input":{"@type":"PropertyValueSpecification","valueRequired":true,"valueName":"search_term_string"}}],"inLanguage":"pt-BR"}]}},"_links":{"self":[{"href":"https:\/\/projetos.unasolucoesdigitais.com.br\/solutech\/wp-json\/wp\/v2\/pages\/629","targetHints":{"allow":["GET"]}}],"collection":[{"href":"https:\/\/projetos.unasolucoesdigitais.com.br\/solutech\/wp-json\/wp\/v2\/pages"}],"about":[{"href":"https:\/\/projetos.unasolucoesdigitais.com.br\/solutech\/wp-json\/wp\/v2\/types\/page"}],"author":[{"embeddable":true,"href":"https:\/\/projetos.unasolucoesdigitais.com.br\/solutech\/wp-json\/wp\/v2\/users\/1"}],"replies":[{"embeddable":true,"href":"https:\/\/projetos.unasolucoesdigitais.com.br\/solutech\/wp-json\/wp\/v2\/comments?post=629"}],"version-history":[{"count":0,"href":"https:\/\/projetos.unasolucoesdigitais.com.br\/solutech\/wp-json\/wp\/v2\/pages\/629\/revisions"}],"wp:featuredmedia":[{"embeddable":true,"href":"https:\/\/projetos.unasolucoesdigitais.com.br\/solutech\/wp-json\/wp\/v2\/media\/342"}],"wp:attachment":[{"href":"https:\/\/projetos.unasolucoesdigitais.com.br\/solutech\/wp-json\/wp\/v2\/media?parent=629"}],"curies":[{"name":"wp","href":"https:\/\/api.w.org\/{rel}","templated":true}]}}